{"id":43,"date":"2026-02-03T19:00:45","date_gmt":"2026-02-03T19:00:45","guid":{"rendered":"https:\/\/coloursofart.art\/?page_id=43"},"modified":"2026-02-05T17:08:13","modified_gmt":"2026-02-05T17:08:13","slug":"photo-gallery-ca","status":"publish","type":"page","link":"https:\/\/coloursofart.art\/?page_id=43","title":{"rendered":"Welcome to our world\u2026."},"content":{"rendered":"\n<figure class=\"wp-block-video alignfull\"><video height=\"676\" style=\"aspect-ratio: 1180 \/ 676;\" width=\"1180\" autoplay controls loop muted src=\"https:\/\/coloursofart.art\/wp-content\/uploads\/2026\/02\/logo02.mp4\" playsinline><\/video><\/figure>\n\n\n\n<div class=\"wp-block-group alignfull has-global-padding is-content-justification-center is-layout-constrained wp-block-group-is-layout-constrained\" style=\"margin-top:0;margin-bottom:0\">\n<div style=\"height:var(--wp--preset--spacing--20)\" aria-hidden=\"true\" class=\"wp-block-spacer\"><\/div>\n\n\n<h2 class=\"wp-block-post-title\">Welcome to our world\u2026.<\/h2>\n\n\n<\/div>\n\n\n\n<div class=\"wp-block-columns is-layout-flex wp-container-core-columns-is-layout-28f84493 wp-block-columns-is-layout-flex\">\n<div class=\"wp-block-column is-layout-flow wp-block-column-is-layout-flow\" style=\"flex-basis:100%\"><\/div>\n<\/div>\n\n\n\n<div class=\"wp-block-group alignwide is-layout-grid wp-container-core-group-is-layout-478b6e6b wp-block-group-is-layout-grid\">\n<figure class=\"wp-block-embed alignleft is-type-video is-provider-youtube wp-block-embed-youtube wp-embed-aspect-16-9 wp-has-aspect-ratio\"><div class=\"wp-block-embed__wrapper\">\n<iframe loading=\"lazy\" title=\"\u0635\u0648\u062a \u0641\u0644\u0633\u0637\u064a\u0646  F\u0130L\u0130ST\u0130N SES\u0130\" width=\"500\" height=\"281\" src=\"https:\/\/www.youtube.com\/embed\/943vA5usVxA?feature=oembed\" frameborder=\"0\" allow=\"accelerometer; autoplay; clipboard-write; encrypted-media; gyroscope; picture-in-picture; web-share\" referrerpolicy=\"strict-origin-when-cross-origin\" allowfullscreen><\/iframe>\n<\/div><\/figure>\n\n\n\n<figure class=\"wp-block-embed alignleft is-type-video is-provider-youtube wp-block-embed-youtube wp-embed-aspect-16-9 wp-has-aspect-ratio\"><div class=\"wp-block-embed__wrapper\">\n<iframe loading=\"lazy\" title=\"\u0643\u0648\u0627\u0644\u064a\u0633 \u0645\u0633\u0644\u0633\u0644 \u0627\u0644\u0645\u062a\u0645\u0631\u062f \u0641\u064a \u062a\u0631\u0643\u064a\u0627\" width=\"500\" height=\"281\" src=\"https:\/\/www.youtube.com\/embed\/N-cEJBVxYDU?feature=oembed\" frameborder=\"0\" allow=\"accelerometer; autoplay; clipboard-write; encrypted-media; gyroscope; picture-in-picture; web-share\" referrerpolicy=\"strict-origin-when-cross-origin\" allowfullscreen><\/iframe>\n<\/div><\/figure>\n\n\n\n<figure class=\"wp-block-embed alignleft is-type-video is-provider-youtube wp-block-embed-youtube wp-embed-aspect-16-9 wp-has-aspect-ratio\"><div class=\"wp-block-embed__wrapper\">\n<iframe loading=\"lazy\" title=\"Serge Ferrari group | Soltis sun protection\" width=\"500\" height=\"281\" src=\"https:\/\/www.youtube.com\/embed\/EeTeoJHB008?feature=oembed\" frameborder=\"0\" allow=\"accelerometer; autoplay; clipboard-write; encrypted-media; gyroscope; picture-in-picture; web-share\" referrerpolicy=\"strict-origin-when-cross-origin\" allowfullscreen><\/iframe>\n<\/div><\/figure>\n\n\n\n<figure class=\"wp-block-embed alignleft is-type-video is-provider-youtube wp-block-embed-youtube wp-embed-aspect-16-9 wp-has-aspect-ratio\"><div class=\"wp-block-embed__wrapper\">\n<iframe loading=\"lazy\" title=\"\u0643\u0648\u0627\u0644\u064a\u0633 #\u0645\u0633\u0644\u0633\u0644 #\u0632\u0647\u0631\u0629_\u0639\u0645\u0631\u064a #\u0627\u062d\u0645\u062f_\u0627\u0644\u062e\u0641\u0627\u062c\u064a\" width=\"500\" height=\"281\" src=\"https:\/\/www.youtube.com\/embed\/-ZHOd6--0wU?feature=oembed\" frameborder=\"0\" allow=\"accelerometer; autoplay; clipboard-write; encrypted-media; gyroscope; picture-in-picture; web-share\" referrerpolicy=\"strict-origin-when-cross-origin\" allowfullscreen><\/iframe>\n<\/div><\/figure>\n\n\n\n<figure class=\"wp-block-embed alignleft is-type-video is-provider-youtube wp-block-embed-youtube wp-embed-aspect-16-9 wp-has-aspect-ratio\"><div class=\"wp-block-embed__wrapper\">\n<iframe loading=\"lazy\" title=\"\u0641\u0644\u0633\u0637\u064a\u0646 \u0642\u0635\u0629 \u0627\u0644\u0635\u0645\u0648\u062f\" width=\"500\" height=\"281\" src=\"https:\/\/www.youtube.com\/embed\/vsh9b5DfHbQ?feature=oembed\" frameborder=\"0\" allow=\"accelerometer; autoplay; clipboard-write; encrypted-media; gyroscope; picture-in-picture; web-share\" referrerpolicy=\"strict-origin-when-cross-origin\" allowfullscreen><\/iframe>\n<\/div><\/figure>\n\n\n\n<figure class=\"wp-block-embed alignleft is-type-video is-provider-youtube wp-block-embed-youtube wp-embed-aspect-16-9 wp-has-aspect-ratio\"><div class=\"wp-block-embed__wrapper\">\n<iframe loading=\"lazy\" title=\"\u0645\u0646\u0638\u0648\u0645\u0629 \u062c\u0648\u0627\u0632\u0627\u062a \u0627\u0644\u0633\u0641\u0631 \u0627\u0644\u0627\u0639\u062a\u064a\u0627\u062f\u064a\u0629 \u0641\u064a \u0633\u0641\u0627\u0631\u0629 \u062c\u064f\u0645\u0652\u0647\u064f\u0648\u0631\u064a\u0651\u064e\u0629 \u0627\u0644\u0639\u0631\u0627\u0642 \u0641\u064a \u0627\u0644\u062c\u064f\u0645\u0652\u0647\u064f\u0648\u0631\u064a\u0651\u064e\u0629 \u0627\u0644\u062a\u0631\u0643\u064a\u0651\u064e\u0629\" width=\"500\" height=\"281\" src=\"https:\/\/www.youtube.com\/embed\/vSG3v4mTqjY?feature=oembed\" frameborder=\"0\" allow=\"accelerometer; autoplay; clipboard-write; encrypted-media; gyroscope; picture-in-picture; web-share\" referrerpolicy=\"strict-origin-when-cross-origin\" allowfullscreen><\/iframe>\n<\/div><\/figure>\n\n\n\n<figure class=\"wp-block-embed alignleft is-type-video is-provider-youtube wp-block-embed-youtube wp-embed-aspect-16-9 wp-has-aspect-ratio\"><div class=\"wp-block-embed__wrapper\">\n<iframe loading=\"lazy\" title=\"Mavi festival Elif AVCI | #T\u00fcrkiyem\" width=\"500\" height=\"281\" src=\"https:\/\/www.youtube.com\/embed\/rZJ6XTaXQgQ?feature=oembed\" frameborder=\"0\" allow=\"accelerometer; autoplay; clipboard-write; encrypted-media; gyroscope; picture-in-picture; web-share\" referrerpolicy=\"strict-origin-when-cross-origin\" allowfullscreen><\/iframe>\n<\/div><\/figure>\n\n\n\n<figure class=\"wp-block-embed alignleft is-type-video is-provider-youtube wp-block-embed-youtube wp-embed-aspect-16-9 wp-has-aspect-ratio\"><div class=\"wp-block-embed__wrapper\">\n<iframe loading=\"lazy\" title=\"NAZ DEJ | YANDIRDIN KALB\u0130M\u0130\" width=\"500\" height=\"281\" src=\"https:\/\/www.youtube.com\/embed\/sd-nvVpbxZo?feature=oembed\" frameborder=\"0\" allow=\"accelerometer; autoplay; clipboard-write; encrypted-media; gyroscope; picture-in-picture; web-share\" referrerpolicy=\"strict-origin-when-cross-origin\" allowfullscreen><\/iframe>\n<\/div><\/figure>\n\n\n\n<figure class=\"wp-block-embed alignleft is-type-video is-provider-youtube wp-block-embed-youtube wp-embed-aspect-16-9 wp-has-aspect-ratio\"><div class=\"wp-block-embed__wrapper\">\n<iframe loading=\"lazy\" title=\"#deprem #2023 #ca #gaziantep #t\u00fcrkiye #\u0632\u0644\u0632\u0627\u0644 #\u0632\u0644\u0632\u0627\u0644_\u062a\u0631\u0643\u064a\u0627\" width=\"500\" height=\"281\" src=\"https:\/\/www.youtube.com\/embed\/3cJIMEBys9o?feature=oembed\" frameborder=\"0\" allow=\"accelerometer; autoplay; clipboard-write; encrypted-media; gyroscope; picture-in-picture; web-share\" referrerpolicy=\"strict-origin-when-cross-origin\" allowfullscreen><\/iframe>\n<\/div><\/figure>\n\n\n\n<figure class=\"wp-block-embed alignleft is-type-video is-provider-youtube wp-block-embed-youtube wp-embed-aspect-16-9 wp-has-aspect-ratio\"><div class=\"wp-block-embed__wrapper\">\n<iframe loading=\"lazy\" title=\"\u064a\u0644\u0627 \u064a\u0627 \u0645\u0646\u062a\u062e\u0628\u0646\u0627\" width=\"500\" height=\"281\" src=\"https:\/\/www.youtube.com\/embed\/LmsH2rE1fOA?feature=oembed\" frameborder=\"0\" allow=\"accelerometer; autoplay; clipboard-write; encrypted-media; gyroscope; picture-in-picture; web-share\" referrerpolicy=\"strict-origin-when-cross-origin\" allowfullscreen><\/iframe>\n<\/div><\/figure>\n<\/div>\n\n\n\n<div class=\"wp-block-columns is-layout-flex wp-container-core-columns-is-layout-28f84493 wp-block-columns-is-layout-flex\">\n<div class=\"wp-block-column is-layout-flow wp-block-column-is-layout-flow\">\n<hr class=\"wp-block-separator has-alpha-channel-opacity is-style-dots\"\/>\n<\/div>\n<\/div>\n\n\n\n<p><\/p>\n","protected":false},"excerpt":{"rendered":"","protected":false},"author":1,"featured_media":0,"parent":0,"menu_order":0,"comment_status":"closed","ping_status":"closed","template":"","meta":{"footnotes":""},"class_list":["post-43","page","type-page","status-publish","hentry"],"_links":{"self":[{"href":"https:\/\/coloursofart.art\/index.php?rest_route=\/wp\/v2\/pages\/43","targetHints":{"allow":["GET"]}}],"collection":[{"href":"https:\/\/coloursofart.art\/index.php?rest_route=\/wp\/v2\/pages"}],"about":[{"href":"https:\/\/coloursofart.art\/index.php?rest_route=\/wp\/v2\/types\/page"}],"author":[{"embeddable":true,"href":"https:\/\/coloursofart.art\/index.php?rest_route=\/wp\/v2\/users\/1"}],"replies":[{"embeddable":true,"href":"https:\/\/coloursofart.art\/index.php?rest_route=%2Fwp%2Fv2%2Fcomments&post=43"}],"version-history":[{"count":5,"href":"https:\/\/coloursofart.art\/index.php?rest_route=\/wp\/v2\/pages\/43\/revisions"}],"predecessor-version":[{"id":176,"href":"https:\/\/coloursofart.art\/index.php?rest_route=\/wp\/v2\/pages\/43\/revisions\/176"}],"wp:attachment":[{"href":"https:\/\/coloursofart.art\/index.php?rest_route=%2Fwp%2Fv2%2Fmedia&parent=43"}],"curies":[{"name":"wp","href":"https:\/\/api.w.org\/{rel}","templated":true}]}}